{"id":555,"date":"2026-03-01T23:17:37","date_gmt":"2026-03-01T22:17:37","guid":{"rendered":"https:\/\/heliophytos.com\/?post_type=product&#038;p=555"},"modified":"2026-04-03T15:37:07","modified_gmt":"2026-04-03T13:37:07","slug":"baume-au-calendula","status":"publish","type":"product","link":"https:\/\/heliophytos.com\/index.php\/produit\/baume-au-calendula\/","title":{"rendered":"Baume au Calendula"},"content":{"rendered":"<p>Pot de 30 ml<\/p>\n<p>Baume <strong>apaisant<\/strong> et<strong> r\u00e9parateur<\/strong> de toutes les peaux ab\u00eem\u00e9es,<br \/>\ncoup\u00e9es, piqu\u00e9es, rouges, meurtries<\/p>\n","protected":false},"excerpt":{"rendered":"<p>L\u2019id\u00e9al des b\u00e9b\u00e9s, enfants, familles<\/p>\n","protected":false},"featured_media":557,"template":"","meta":[],"product_brand":[],"product_cat":[21,17],"product_tag":[],"class_list":{"0":"post-555","1":"product","2":"type-product","3":"status-publish","4":"has-post-thumbnail","6":"product_cat-elixir-beaute","7":"product_cat-tous_produits","9":"first","10":"instock","11":"featured","12":"shipping-taxable","13":"purchasable","14":"product-type-simple"},"jetpack_sharing_enabled":true,"_links":{"self":[{"href":"https:\/\/heliophytos.com\/index.php\/wp-json\/wp\/v2\/product\/555","targetHints":{"allow":["GET"]}}],"collection":[{"href":"https:\/\/heliophytos.com\/index.php\/wp-json\/wp\/v2\/product"}],"about":[{"href":"https:\/\/heliophytos.com\/index.php\/wp-json\/wp\/v2\/types\/product"}],"version-history":[{"count":3,"href":"https:\/\/heliophytos.com\/index.php\/wp-json\/wp\/v2\/product\/555\/revisions"}],"predecessor-version":[{"id":1062,"href":"https:\/\/heliophytos.com\/index.php\/wp-json\/wp\/v2\/product\/555\/revisions\/1062"}],"wp:featuredmedia":[{"embeddable":true,"href":"https:\/\/heliophytos.com\/index.php\/wp-json\/wp\/v2\/media\/557"}],"wp:attachment":[{"href":"https:\/\/heliophytos.com\/index.php\/wp-json\/wp\/v2\/media?parent=555"}],"wp:term":[{"taxonomy":"product_brand","embeddable":true,"href":"https:\/\/heliophytos.com\/index.php\/wp-json\/wp\/v2\/product_brand?post=555"},{"taxonomy":"product_cat","embeddable":true,"href":"https:\/\/heliophytos.com\/index.php\/wp-json\/wp\/v2\/product_cat?post=555"},{"taxonomy":"product_tag","embeddable":true,"href":"https:\/\/heliophytos.com\/index.php\/wp-json\/wp\/v2\/product_tag?post=555"}],"curies":[{"name":"wp","href":"https:\/\/api.w.org\/{rel}","templated":true}]}}