{"id":542,"date":"2026-03-01T23:02:30","date_gmt":"2026-03-01T22:02:30","guid":{"rendered":"https:\/\/heliophytos.com\/?post_type=product&#038;p=542"},"modified":"2026-04-17T15:39:20","modified_gmt":"2026-04-17T13:39:20","slug":"baume-a-la-rose-sauvage-pot-de-30-ml","status":"publish","type":"product","link":"https:\/\/heliophytos.com\/index.php\/produit\/baume-a-la-rose-sauvage-pot-de-30-ml\/","title":{"rendered":"Baume \u00e0 la Rose sauvage"},"content":{"rendered":"<p>Pot de 30 ml<\/p>\n<p>Baume du quotidien particuli\u00e8rement appr\u00e9ci\u00e9, en outre r\u00e9parateur et apaisant des peaux ab\u00eem\u00e9es,<br \/>\ncoup\u00e9es, piqu\u00e9es, rouges, granuleuses<\/p>\n<p>La quintessence de la Rose aux 5 p\u00e9tales !<\/p>\n","protected":false},"excerpt":{"rendered":"<p>Pot de 30 ml<\/p>\n<p>Douceur et finesse de la Rose pour la Femme !<\/p>\n<p>&nbsp;<\/p>\n<p>&nbsp;<\/p>\n","protected":false},"featured_media":543,"template":"","meta":[],"product_brand":[],"product_cat":[21,17],"product_tag":[],"class_list":{"0":"post-542","1":"product","2":"type-product","3":"status-publish","4":"has-post-thumbnail","6":"product_cat-elixir-beaute","7":"product_cat-tous_produits","9":"first","10":"instock","11":"featured","12":"shipping-taxable","13":"purchasable","14":"product-type-simple"},"jetpack_sharing_enabled":true,"_links":{"self":[{"href":"https:\/\/heliophytos.com\/index.php\/wp-json\/wp\/v2\/product\/542","targetHints":{"allow":["GET"]}}],"collection":[{"href":"https:\/\/heliophytos.com\/index.php\/wp-json\/wp\/v2\/product"}],"about":[{"href":"https:\/\/heliophytos.com\/index.php\/wp-json\/wp\/v2\/types\/product"}],"version-history":[{"count":7,"href":"https:\/\/heliophytos.com\/index.php\/wp-json\/wp\/v2\/product\/542\/revisions"}],"predecessor-version":[{"id":1254,"href":"https:\/\/heliophytos.com\/index.php\/wp-json\/wp\/v2\/product\/542\/revisions\/1254"}],"wp:featuredmedia":[{"embeddable":true,"href":"https:\/\/heliophytos.com\/index.php\/wp-json\/wp\/v2\/media\/543"}],"wp:attachment":[{"href":"https:\/\/heliophytos.com\/index.php\/wp-json\/wp\/v2\/media?parent=542"}],"wp:term":[{"taxonomy":"product_brand","embeddable":true,"href":"https:\/\/heliophytos.com\/index.php\/wp-json\/wp\/v2\/product_brand?post=542"},{"taxonomy":"product_cat","embeddable":true,"href":"https:\/\/heliophytos.com\/index.php\/wp-json\/wp\/v2\/product_cat?post=542"},{"taxonomy":"product_tag","embeddable":true,"href":"https:\/\/heliophytos.com\/index.php\/wp-json\/wp\/v2\/product_tag?post=542"}],"curies":[{"name":"wp","href":"https:\/\/api.w.org\/{rel}","templated":true}]}}