{"id":247,"date":"2026-01-19T14:30:35","date_gmt":"2026-01-19T13:30:35","guid":{"rendered":"https:\/\/heliophytos.com\/?post_type=product&#038;p=247"},"modified":"2026-04-03T15:37:07","modified_gmt":"2026-04-03T13:37:07","slug":"baume-a-lhelichryse","status":"publish","type":"product","link":"https:\/\/heliophytos.com\/index.php\/produit\/baume-a-lhelichryse\/","title":{"rendered":"Baume \u00e0 l&rsquo;H\u00e9lichryse"},"content":{"rendered":"<p dir=\"ltr\">Pot de 15 ml<\/p>\n<p dir=\"ltr\"><em>Appliquer sur les coups, bosses, h\u00e9matomes, bleus, y compris sur plaies ouvertes, d\u00e8s le choc puis r\u00e9guli\u00e8rement<\/em><\/p>\n<hr \/>\n<p dir=\"ltr\"><strong>Descriptif de la plante d\u00e9taill\u00e9e et de la magie du baume<\/strong><\/p>\n<p>L&rsquo;H\u00e9lichryse italienne (aussi appel\u00e9e Immortelle ou Plante \u00e0 Curry) est la star incontest\u00e9e du soin des traumatismes cutan\u00e9s. Dans un baume, elle agit comme un v\u00e9ritable \u00ab\u00a0effaceur\u00a0\u00bb de coups.<\/p>\n<p>Voici ses vertus principales pour soigner les bobos du quotidien :<\/p>\n<p><strong>1. Une action anti-h\u00e9matome exceptionnelle<\/strong><br \/>\n<em>C\u2019est sa propri\u00e9t\u00e9 la plus c\u00e9l\u00e8bre. Gr\u00e2ce \u00e0 des mol\u00e9cules appel\u00e9es italidiones, l&rsquo;h\u00e9lichryse favorise la r\u00e9sorption des poches de sang. Elle limite l&rsquo;apparition du bleu ou aide \u00e0 le faire dispara\u00eetre beaucoup plus rapidement s&rsquo;il est d\u00e9j\u00e0 l\u00e0.<\/em><\/p>\n<p><strong>2. Un puissant anti-inflammatoire<\/strong><br \/>\n<em>Un coup s&rsquo;accompagne souvent d&rsquo;un gonflement (\u0153d\u00e8me) et d&rsquo;une sensation de chaleur. Le baume apaise la zone en r\u00e9duisant l&rsquo;inflammation, ce qui diminue la sensation de \u00ab\u00a0gonflement\u00a0\u00bb et la rougeur.<\/em><\/p>\n<p><strong>3. Un effet antalgique = Anti-douleur<\/strong><br \/>\n<em>Elle poss\u00e8de des propri\u00e9t\u00e9s l\u00e9g\u00e8rement anesth\u00e9siantes au niveau local. Elle calme la douleur vive imm\u00e9diatement apr\u00e8s le choc.<\/em><\/p>\n<p><strong>4. Cicatrisante et circulatoire<\/strong><br \/>\n<em>L&rsquo;H\u00e9lichryse stimule la microcirculation sanguine et la r\u00e9g\u00e9n\u00e9ration des tissus. Elle aide ainsi la peau \u00e0 se r\u00e9parer en profondeur, ce qui est id\u00e9al si le coup s&rsquo;accompagne d&rsquo;une l\u00e9g\u00e8re \u00e9rosion cutan\u00e9e.<\/em><\/p>\n<p><strong>Pourquoi le format \u00ab\u00a0Baume\u00a0\u00bb est id\u00e9al ?<\/strong><br \/>\n<em>Contrairement \u00e0 l&rsquo;huile essentielle pure (tr\u00e8s puissante et co\u00fbteuse), le baume offre plusieurs avantages :<\/em><br \/>\n<em>Le massage : Le support gras permet de masser doucement la zone, ce qui aide \u00e0 drainer le sang accumul\u00e9.<\/em><br \/>\n<em>La protection : La cire et les beurres du baume forment une barri\u00e8re protectrice sur la peau.<\/em><br \/>\n<em>La s\u00e9curit\u00e9 : L&rsquo;huile essentielle y est d\u00e9j\u00e0 dilu\u00e9e, ce qui limite les risques d&rsquo;irritation.<\/em><\/p>\n<p><em>A savoir : Pour un effet maximal sur un coup r\u00e9cent, l&rsquo;id\u00e9al est d&rsquo;appliquer le baume le plus t\u00f4t possible apr\u00e8s le choc.<\/em><\/p>\n","protected":false},"excerpt":{"rendered":"<p dir=\"ltr\">Baume cicatrisant absolument magique sur les coups, bosses, bleus de toute la famille. La merveille pour les bobos !<\/p>\n","protected":false},"featured_media":249,"template":"","meta":[],"product_brand":[],"product_cat":[20,17],"product_tag":[],"class_list":{"0":"post-247","1":"product","2":"type-product","3":"status-publish","4":"has-post-thumbnail","6":"product_cat-remedes","7":"product_cat-tous_produits","9":"first","10":"instock","11":"featured","12":"shipping-taxable","13":"purchasable","14":"product-type-simple"},"jetpack_sharing_enabled":true,"_links":{"self":[{"href":"https:\/\/heliophytos.com\/index.php\/wp-json\/wp\/v2\/product\/247","targetHints":{"allow":["GET"]}}],"collection":[{"href":"https:\/\/heliophytos.com\/index.php\/wp-json\/wp\/v2\/product"}],"about":[{"href":"https:\/\/heliophytos.com\/index.php\/wp-json\/wp\/v2\/types\/product"}],"version-history":[{"count":9,"href":"https:\/\/heliophytos.com\/index.php\/wp-json\/wp\/v2\/product\/247\/revisions"}],"predecessor-version":[{"id":916,"href":"https:\/\/heliophytos.com\/index.php\/wp-json\/wp\/v2\/product\/247\/revisions\/916"}],"wp:featuredmedia":[{"embeddable":true,"href":"https:\/\/heliophytos.com\/index.php\/wp-json\/wp\/v2\/media\/249"}],"wp:attachment":[{"href":"https:\/\/heliophytos.com\/index.php\/wp-json\/wp\/v2\/media?parent=247"}],"wp:term":[{"taxonomy":"product_brand","embeddable":true,"href":"https:\/\/heliophytos.com\/index.php\/wp-json\/wp\/v2\/product_brand?post=247"},{"taxonomy":"product_cat","embeddable":true,"href":"https:\/\/heliophytos.com\/index.php\/wp-json\/wp\/v2\/product_cat?post=247"},{"taxonomy":"product_tag","embeddable":true,"href":"https:\/\/heliophytos.com\/index.php\/wp-json\/wp\/v2\/product_tag?post=247"}],"curies":[{"name":"wp","href":"https:\/\/api.w.org\/{rel}","templated":true}]}}