{"id":1307,"date":"2026-04-17T19:30:42","date_gmt":"2026-04-17T17:30:42","guid":{"rendered":"https:\/\/heliophytos.com\/?post_type=product&#038;p=1307"},"modified":"2026-04-17T19:41:29","modified_gmt":"2026-04-17T17:41:29","slug":"huile-de-massage-relaxante","status":"publish","type":"product","link":"https:\/\/heliophytos.com\/index.php\/produit\/huile-de-massage-relaxante\/","title":{"rendered":"Huile de massage Relaxante"},"content":{"rendered":"<p dir=\"ltr\">Flacon-spray de 100 ml<\/p>\n<p dir=\"ltr\">Huile pour un massage<span class=\"a_GcMg font-feature-liga-off font-feature-clig-off font-feature-calt-off text-decoration-none text-strikethrough-none\">\u00a0tout en douceur, vers une <\/span><span class=\"a_GcMg font-feature-liga-off font-feature-clig-off font-feature-calt-off text-decoration-none text-strikethrough-none\">d\u00e9tente <\/span><span class=\"a_GcMg font-feature-liga-off font-feature-clig-off font-feature-calt-off text-decoration-none text-strikethrough-none\">agr\u00e9able, <\/span><span class=\"a_GcMg font-feature-liga-off font-feature-clig-off font-feature-calt-off text-decoration-none text-strikethrough-none\">sensuelle <\/span><span class=\"a_GcMg font-feature-liga-off font-feature-clig-off font-feature-calt-off text-decoration-none text-strikethrough-none\">et un \u00e9veil de tous les sens !<\/span><\/p>\n<p class=\"cvGsUA direction-ltr align-start para-style-body\"><span class=\"a_GcMg font-feature-liga-off font-feature-clig-off font-feature-calt-off text-decoration-none text-strikethrough-none\">Pas avant 12 ans<\/span><\/p>\n<p>&nbsp;<\/p>\n","protected":false},"excerpt":{"rendered":"<p dir=\"ltr\">Huile de massage sp\u00e9cial couple \u00e0 l&rsquo;Ylang-Ylang envo\u00fbtante pour un massage sensuel !<\/p>\n<p dir=\"ltr\">\n","protected":false},"featured_media":1281,"template":"","meta":[],"product_brand":[],"product_cat":[21,22,17],"product_tag":[],"class_list":{"0":"post-1307","1":"product","2":"type-product","3":"status-publish","4":"has-post-thumbnail","6":"product_cat-elixir-beaute","7":"product_cat-hors-catalogue","8":"product_cat-tous_produits","10":"first","11":"instock","12":"featured","13":"shipping-taxable","14":"purchasable","15":"product-type-simple"},"jetpack_sharing_enabled":true,"_links":{"self":[{"href":"https:\/\/heliophytos.com\/index.php\/wp-json\/wp\/v2\/product\/1307","targetHints":{"allow":["GET"]}}],"collection":[{"href":"https:\/\/heliophytos.com\/index.php\/wp-json\/wp\/v2\/product"}],"about":[{"href":"https:\/\/heliophytos.com\/index.php\/wp-json\/wp\/v2\/types\/product"}],"version-history":[{"count":1,"href":"https:\/\/heliophytos.com\/index.php\/wp-json\/wp\/v2\/product\/1307\/revisions"}],"predecessor-version":[{"id":1308,"href":"https:\/\/heliophytos.com\/index.php\/wp-json\/wp\/v2\/product\/1307\/revisions\/1308"}],"wp:featuredmedia":[{"embeddable":true,"href":"https:\/\/heliophytos.com\/index.php\/wp-json\/wp\/v2\/media\/1281"}],"wp:attachment":[{"href":"https:\/\/heliophytos.com\/index.php\/wp-json\/wp\/v2\/media?parent=1307"}],"wp:term":[{"taxonomy":"product_brand","embeddable":true,"href":"https:\/\/heliophytos.com\/index.php\/wp-json\/wp\/v2\/product_brand?post=1307"},{"taxonomy":"product_cat","embeddable":true,"href":"https:\/\/heliophytos.com\/index.php\/wp-json\/wp\/v2\/product_cat?post=1307"},{"taxonomy":"product_tag","embeddable":true,"href":"https:\/\/heliophytos.com\/index.php\/wp-json\/wp\/v2\/product_tag?post=1307"}],"curies":[{"name":"wp","href":"https:\/\/api.w.org\/{rel}","templated":true}]}}