{"id":1304,"date":"2026-04-17T18:57:50","date_gmt":"2026-04-17T16:57:50","guid":{"rendered":"https:\/\/heliophytos.com\/?post_type=product&#038;p=1304"},"modified":"2026-04-17T19:11:39","modified_gmt":"2026-04-17T17:11:39","slug":"elixir-dancrage","status":"publish","type":"product","link":"https:\/\/heliophytos.com\/index.php\/produit\/elixir-dancrage\/","title":{"rendered":"Elixir d&rsquo;Ancrage"},"content":{"rendered":"<p>Roll&rsquo;on de 3 ml<\/p>\n<p>D\u00e9pos\u00e9e sur les poignets, le plexus solaire ou surtout sur le sacrum\/coccyx, cette synergie p\u00e9pite renforce le lien \u00e0 la Terre, aide \u00e0 se replanter au sol et dans sa masculinit\u00e9 (pr\u00e9sente chez la Femme comme chez l&rsquo;Homme).<\/p>\n<p>&nbsp;<\/p>\n","protected":false},"excerpt":{"rendered":"<p>Alli\u00e9 de connexion \u00e0 la Terre !<\/p>\n<p>Roll&rsquo;on de 3 ml<\/p>\n","protected":false},"featured_media":1275,"template":"","meta":[],"product_brand":[],"product_cat":[21,22,17],"product_tag":[],"class_list":{"0":"post-1304","1":"product","2":"type-product","3":"status-publish","4":"has-post-thumbnail","6":"product_cat-elixir-beaute","7":"product_cat-hors-catalogue","8":"product_cat-tous_produits","10":"first","11":"instock","12":"featured","13":"shipping-taxable","14":"purchasable","15":"product-type-simple"},"jetpack_sharing_enabled":true,"_links":{"self":[{"href":"https:\/\/heliophytos.com\/index.php\/wp-json\/wp\/v2\/product\/1304","targetHints":{"allow":["GET"]}}],"collection":[{"href":"https:\/\/heliophytos.com\/index.php\/wp-json\/wp\/v2\/product"}],"about":[{"href":"https:\/\/heliophytos.com\/index.php\/wp-json\/wp\/v2\/types\/product"}],"version-history":[{"count":2,"href":"https:\/\/heliophytos.com\/index.php\/wp-json\/wp\/v2\/product\/1304\/revisions"}],"predecessor-version":[{"id":1306,"href":"https:\/\/heliophytos.com\/index.php\/wp-json\/wp\/v2\/product\/1304\/revisions\/1306"}],"wp:featuredmedia":[{"embeddable":true,"href":"https:\/\/heliophytos.com\/index.php\/wp-json\/wp\/v2\/media\/1275"}],"wp:attachment":[{"href":"https:\/\/heliophytos.com\/index.php\/wp-json\/wp\/v2\/media?parent=1304"}],"wp:term":[{"taxonomy":"product_brand","embeddable":true,"href":"https:\/\/heliophytos.com\/index.php\/wp-json\/wp\/v2\/product_brand?post=1304"},{"taxonomy":"product_cat","embeddable":true,"href":"https:\/\/heliophytos.com\/index.php\/wp-json\/wp\/v2\/product_cat?post=1304"},{"taxonomy":"product_tag","embeddable":true,"href":"https:\/\/heliophytos.com\/index.php\/wp-json\/wp\/v2\/product_tag?post=1304"}],"curies":[{"name":"wp","href":"https:\/\/api.w.org\/{rel}","templated":true}]}}