{"id":1302,"date":"2026-04-17T17:57:16","date_gmt":"2026-04-17T15:57:16","guid":{"rendered":"https:\/\/heliophytos.com\/?post_type=product&#038;p=1302"},"modified":"2026-04-17T18:57:21","modified_gmt":"2026-04-17T16:57:21","slug":"elixir-joie","status":"publish","type":"product","link":"https:\/\/heliophytos.com\/index.php\/produit\/elixir-joie\/","title":{"rendered":"Elixir Joie"},"content":{"rendered":"<p>Roll&rsquo;on de 3 ml<\/p>\n<p>D\u00e9pos\u00e9e le soir sur les poignets, le plexus solaire ou derri\u00e8re les oreilles, cette synergie apporte un r\u00e9confort en toutes circonstances !<\/p>\n<p>Appliquer le soir ou garder les zones concern\u00e9es cach\u00e9es par des v\u00eatements<\/p>\n","protected":false},"excerpt":{"rendered":"<p>Alli\u00e9 r\u00e9confort de P\u00e9tillonnade !<\/p>\n<p>Roll&rsquo;on de 3 ml<\/p>\n","protected":false},"featured_media":1277,"template":"","meta":[],"product_brand":[],"product_cat":[21,22,17],"product_tag":[],"class_list":{"0":"post-1302","1":"product","2":"type-product","3":"status-publish","4":"has-post-thumbnail","6":"product_cat-elixir-beaute","7":"product_cat-hors-catalogue","8":"product_cat-tous_produits","10":"first","11":"instock","12":"featured","13":"shipping-taxable","14":"purchasable","15":"product-type-simple"},"jetpack_sharing_enabled":true,"_links":{"self":[{"href":"https:\/\/heliophytos.com\/index.php\/wp-json\/wp\/v2\/product\/1302","targetHints":{"allow":["GET"]}}],"collection":[{"href":"https:\/\/heliophytos.com\/index.php\/wp-json\/wp\/v2\/product"}],"about":[{"href":"https:\/\/heliophytos.com\/index.php\/wp-json\/wp\/v2\/types\/product"}],"version-history":[{"count":1,"href":"https:\/\/heliophytos.com\/index.php\/wp-json\/wp\/v2\/product\/1302\/revisions"}],"predecessor-version":[{"id":1303,"href":"https:\/\/heliophytos.com\/index.php\/wp-json\/wp\/v2\/product\/1302\/revisions\/1303"}],"wp:featuredmedia":[{"embeddable":true,"href":"https:\/\/heliophytos.com\/index.php\/wp-json\/wp\/v2\/media\/1277"}],"wp:attachment":[{"href":"https:\/\/heliophytos.com\/index.php\/wp-json\/wp\/v2\/media?parent=1302"}],"wp:term":[{"taxonomy":"product_brand","embeddable":true,"href":"https:\/\/heliophytos.com\/index.php\/wp-json\/wp\/v2\/product_brand?post=1302"},{"taxonomy":"product_cat","embeddable":true,"href":"https:\/\/heliophytos.com\/index.php\/wp-json\/wp\/v2\/product_cat?post=1302"},{"taxonomy":"product_tag","embeddable":true,"href":"https:\/\/heliophytos.com\/index.php\/wp-json\/wp\/v2\/product_tag?post=1302"}],"curies":[{"name":"wp","href":"https:\/\/api.w.org\/{rel}","templated":true}]}}