{"id":1271,"date":"2026-04-17T17:20:10","date_gmt":"2026-04-17T15:20:10","guid":{"rendered":"https:\/\/heliophytos.com\/?post_type=product&#038;p=1271"},"modified":"2026-04-20T14:42:49","modified_gmt":"2026-04-20T12:42:49","slug":"elixir-de-naissance","status":"publish","type":"product","link":"https:\/\/heliophytos.com\/index.php\/produit\/elixir-de-naissance\/","title":{"rendered":"Elixir de Naissance"},"content":{"rendered":"<p>Roll&rsquo;on de 3 ml<\/p>\n<p>Le doudou sp\u00e9cial accouchement et ses suites&#8230;<\/p>\n<p>D\u00e8s les premi\u00e8res contractions, appliquer sur les poignets, la nuque, le bas du dos, toutes les 20 \u00e0 30 minutes.<\/p>\n<p>Accompagne les suites de couche et notamment l&rsquo;inconfort des tranch\u00e9es : application alors uniquement sur le bas du dos<\/p>\n","protected":false},"excerpt":{"rendered":"<p>La Synergie complice !<\/p>\n<p>Roll&rsquo;on de 3 ml<\/p>\n","protected":false},"featured_media":1273,"template":"","meta":[],"product_brand":[],"product_cat":[22],"product_tag":[],"class_list":{"0":"post-1271","1":"product","2":"type-product","3":"status-publish","4":"has-post-thumbnail","6":"product_cat-hors-catalogue","8":"first","9":"instock","10":"featured","11":"shipping-taxable","12":"purchasable","13":"product-type-simple"},"jetpack_sharing_enabled":true,"_links":{"self":[{"href":"https:\/\/heliophytos.com\/index.php\/wp-json\/wp\/v2\/product\/1271","targetHints":{"allow":["GET"]}}],"collection":[{"href":"https:\/\/heliophytos.com\/index.php\/wp-json\/wp\/v2\/product"}],"about":[{"href":"https:\/\/heliophytos.com\/index.php\/wp-json\/wp\/v2\/types\/product"}],"version-history":[{"count":1,"href":"https:\/\/heliophytos.com\/index.php\/wp-json\/wp\/v2\/product\/1271\/revisions"}],"predecessor-version":[{"id":1272,"href":"https:\/\/heliophytos.com\/index.php\/wp-json\/wp\/v2\/product\/1271\/revisions\/1272"}],"wp:featuredmedia":[{"embeddable":true,"href":"https:\/\/heliophytos.com\/index.php\/wp-json\/wp\/v2\/media\/1273"}],"wp:attachment":[{"href":"https:\/\/heliophytos.com\/index.php\/wp-json\/wp\/v2\/media?parent=1271"}],"wp:term":[{"taxonomy":"product_brand","embeddable":true,"href":"https:\/\/heliophytos.com\/index.php\/wp-json\/wp\/v2\/product_brand?post=1271"},{"taxonomy":"product_cat","embeddable":true,"href":"https:\/\/heliophytos.com\/index.php\/wp-json\/wp\/v2\/product_cat?post=1271"},{"taxonomy":"product_tag","embeddable":true,"href":"https:\/\/heliophytos.com\/index.php\/wp-json\/wp\/v2\/product_tag?post=1271"}],"curies":[{"name":"wp","href":"https:\/\/api.w.org\/{rel}","templated":true}]}}