{"id":1246,"date":"2026-04-17T12:43:32","date_gmt":"2026-04-17T10:43:32","guid":{"rendered":"https:\/\/heliophytos.com\/?post_type=product&#038;p=1246"},"modified":"2026-04-17T17:09:52","modified_gmt":"2026-04-17T15:09:52","slug":"huile-de-friction-au-ravintsara","status":"publish","type":"product","link":"https:\/\/heliophytos.com\/index.php\/produit\/huile-de-friction-au-ravintsara\/","title":{"rendered":"Huile au Millepertuis"},"content":{"rendered":"<p dir=\"ltr\">Flacon de 100 ml<\/p>\n<p dir=\"ltr\">Huile absolument g\u00e9niale sur les peaux meurtries par le soleil, les contrari\u00e9t\u00e9s, les bobos et sur la vo\u00fbte plantaire pour favoriser nuits tranquilles et paix int\u00e9rieure<\/p>\n<p dir=\"ltr\">Application locale sur la peau br\u00fbl\u00e9e, ab\u00eem\u00e9e, meurtrie, attaqu\u00e9e ou coup\u00e9e.<\/p>\n<p dir=\"ltr\">Attention ! Photosensibilisant : pour un usage nocturne ou sous des v\u00eatements couvrants. Et contre-indications m\u00e9dicamenteuses : voir les recommandations.<\/p>\n<hr \/>\n<p>&nbsp;<\/p>\n","protected":false},"excerpt":{"rendered":"<p dir=\"ltr\">Flacon de 100 ml<\/p>\n<p dir=\"ltr\">Le calmant v\u00e9g\u00e9tal par excellence, superbe efficacit\u00e9 !<\/p>\n<p dir=\"ltr\">\n","protected":false},"featured_media":1229,"template":"","meta":[],"product_brand":[],"product_cat":[21,20,17],"product_tag":[],"class_list":{"0":"post-1246","1":"product","2":"type-product","3":"status-publish","4":"has-post-thumbnail","6":"product_cat-elixir-beaute","7":"product_cat-remedes","8":"product_cat-tous_produits","10":"first","11":"instock","12":"featured","13":"shipping-taxable","14":"purchasable","15":"product-type-simple"},"jetpack_sharing_enabled":true,"_links":{"self":[{"href":"https:\/\/heliophytos.com\/index.php\/wp-json\/wp\/v2\/product\/1246","targetHints":{"allow":["GET"]}}],"collection":[{"href":"https:\/\/heliophytos.com\/index.php\/wp-json\/wp\/v2\/product"}],"about":[{"href":"https:\/\/heliophytos.com\/index.php\/wp-json\/wp\/v2\/types\/product"}],"version-history":[{"count":3,"href":"https:\/\/heliophytos.com\/index.php\/wp-json\/wp\/v2\/product\/1246\/revisions"}],"predecessor-version":[{"id":1249,"href":"https:\/\/heliophytos.com\/index.php\/wp-json\/wp\/v2\/product\/1246\/revisions\/1249"}],"wp:featuredmedia":[{"embeddable":true,"href":"https:\/\/heliophytos.com\/index.php\/wp-json\/wp\/v2\/media\/1229"}],"wp:attachment":[{"href":"https:\/\/heliophytos.com\/index.php\/wp-json\/wp\/v2\/media?parent=1246"}],"wp:term":[{"taxonomy":"product_brand","embeddable":true,"href":"https:\/\/heliophytos.com\/index.php\/wp-json\/wp\/v2\/product_brand?post=1246"},{"taxonomy":"product_cat","embeddable":true,"href":"https:\/\/heliophytos.com\/index.php\/wp-json\/wp\/v2\/product_cat?post=1246"},{"taxonomy":"product_tag","embeddable":true,"href":"https:\/\/heliophytos.com\/index.php\/wp-json\/wp\/v2\/product_tag?post=1246"}],"curies":[{"name":"wp","href":"https:\/\/api.w.org\/{rel}","templated":true}]}}