{"id":1235,"date":"2026-04-17T12:15:28","date_gmt":"2026-04-17T10:15:28","guid":{"rendered":"https:\/\/heliophytos.com\/?post_type=product&#038;p=1235"},"modified":"2026-04-17T16:58:16","modified_gmt":"2026-04-17T14:58:16","slug":"elixir-anti-stress","status":"publish","type":"product","link":"https:\/\/heliophytos.com\/index.php\/produit\/elixir-anti-stress\/","title":{"rendered":"Elixir Anti-stress"},"content":{"rendered":"<p>Roll&rsquo;on de 3 ml<\/p>\n<p>Appliqu\u00e9e sur les poignets, le cou, la nuque, cette synergie \u00e0 l&rsquo;odeur d\u00e9licieusement douce apporte calme et d\u00e9tente aux enfants comme aux adultes !<\/p>\n","protected":false},"excerpt":{"rendered":"<p>Le roll&rsquo;on miracle pour enfants (et adultes !)<\/p>\n<p>Roll&rsquo;on de 3 ml<\/p>\n","protected":false},"featured_media":1230,"template":"","meta":[],"product_brand":[],"product_cat":[20,17],"product_tag":[],"class_list":{"0":"post-1235","1":"product","2":"type-product","3":"status-publish","4":"has-post-thumbnail","6":"product_cat-remedes","7":"product_cat-tous_produits","9":"first","10":"instock","11":"featured","12":"shipping-taxable","13":"purchasable","14":"product-type-simple"},"jetpack_sharing_enabled":true,"_links":{"self":[{"href":"https:\/\/heliophytos.com\/index.php\/wp-json\/wp\/v2\/product\/1235","targetHints":{"allow":["GET"]}}],"collection":[{"href":"https:\/\/heliophytos.com\/index.php\/wp-json\/wp\/v2\/product"}],"about":[{"href":"https:\/\/heliophytos.com\/index.php\/wp-json\/wp\/v2\/types\/product"}],"version-history":[{"count":1,"href":"https:\/\/heliophytos.com\/index.php\/wp-json\/wp\/v2\/product\/1235\/revisions"}],"predecessor-version":[{"id":1236,"href":"https:\/\/heliophytos.com\/index.php\/wp-json\/wp\/v2\/product\/1235\/revisions\/1236"}],"wp:featuredmedia":[{"embeddable":true,"href":"https:\/\/heliophytos.com\/index.php\/wp-json\/wp\/v2\/media\/1230"}],"wp:attachment":[{"href":"https:\/\/heliophytos.com\/index.php\/wp-json\/wp\/v2\/media?parent=1235"}],"wp:term":[{"taxonomy":"product_brand","embeddable":true,"href":"https:\/\/heliophytos.com\/index.php\/wp-json\/wp\/v2\/product_brand?post=1235"},{"taxonomy":"product_cat","embeddable":true,"href":"https:\/\/heliophytos.com\/index.php\/wp-json\/wp\/v2\/product_cat?post=1235"},{"taxonomy":"product_tag","embeddable":true,"href":"https:\/\/heliophytos.com\/index.php\/wp-json\/wp\/v2\/product_tag?post=1235"}],"curies":[{"name":"wp","href":"https:\/\/api.w.org\/{rel}","templated":true}]}}