{"id":1194,"date":"2026-04-08T15:22:48","date_gmt":"2026-04-08T13:22:48","guid":{"rendered":"https:\/\/heliophytos.com\/?post_type=product&#038;p=1194"},"modified":"2026-04-17T16:47:33","modified_gmt":"2026-04-17T14:47:33","slug":"deo-de-ouf","status":"publish","type":"product","link":"https:\/\/heliophytos.com\/index.php\/produit\/deo-de-ouf\/","title":{"rendered":"D\u00e9o de Ouf"},"content":{"rendered":"<p>Pot de 50 ml<\/p>\n<p>D\u00e9o non boucheur de pores mais capturant les odeurs, \u00e0 appliquer tout en douceur sur les aisselles encore humides<\/p>\n<p>La pr\u00e9sence d&rsquo;huile de Coco am\u00e8ne la texture \u00e0 fluctuer en fonction de la temp\u00e9rature. L&rsquo;hiver, il redevient vite onctueux entre les doigts, l&rsquo;\u00e9t\u00e9, bien le conserver \u00e0 temp\u00e9rature convenable pour \u00e9viter sa trop grande liqu\u00e9faction.<\/p>\n","protected":false},"excerpt":{"rendered":"<p>D\u00e9o naturel et efficace pour une transpiration inodorante !<\/p>\n<p>Pot de 50 ml<\/p>\n","protected":false},"featured_media":1196,"template":"","meta":[],"product_brand":[],"product_cat":[21,17],"product_tag":[],"class_list":{"0":"post-1194","1":"product","2":"type-product","3":"status-publish","4":"has-post-thumbnail","6":"product_cat-elixir-beaute","7":"product_cat-tous_produits","9":"first","10":"instock","11":"featured","12":"shipping-taxable","13":"purchasable","14":"product-type-simple"},"jetpack_sharing_enabled":true,"_links":{"self":[{"href":"https:\/\/heliophytos.com\/index.php\/wp-json\/wp\/v2\/product\/1194","targetHints":{"allow":["GET"]}}],"collection":[{"href":"https:\/\/heliophytos.com\/index.php\/wp-json\/wp\/v2\/product"}],"about":[{"href":"https:\/\/heliophytos.com\/index.php\/wp-json\/wp\/v2\/types\/product"}],"version-history":[{"count":3,"href":"https:\/\/heliophytos.com\/index.php\/wp-json\/wp\/v2\/product\/1194\/revisions"}],"predecessor-version":[{"id":1267,"href":"https:\/\/heliophytos.com\/index.php\/wp-json\/wp\/v2\/product\/1194\/revisions\/1267"}],"wp:featuredmedia":[{"embeddable":true,"href":"https:\/\/heliophytos.com\/index.php\/wp-json\/wp\/v2\/media\/1196"}],"wp:attachment":[{"href":"https:\/\/heliophytos.com\/index.php\/wp-json\/wp\/v2\/media?parent=1194"}],"wp:term":[{"taxonomy":"product_brand","embeddable":true,"href":"https:\/\/heliophytos.com\/index.php\/wp-json\/wp\/v2\/product_brand?post=1194"},{"taxonomy":"product_cat","embeddable":true,"href":"https:\/\/heliophytos.com\/index.php\/wp-json\/wp\/v2\/product_cat?post=1194"},{"taxonomy":"product_tag","embeddable":true,"href":"https:\/\/heliophytos.com\/index.php\/wp-json\/wp\/v2\/product_tag?post=1194"}],"curies":[{"name":"wp","href":"https:\/\/api.w.org\/{rel}","templated":true}]}}