{"id":1054,"date":"2026-03-31T11:39:22","date_gmt":"2026-03-31T09:39:22","guid":{"rendered":"https:\/\/heliophytos.com\/?post_type=product&#038;p=1054"},"modified":"2026-04-17T16:00:06","modified_gmt":"2026-04-17T14:00:06","slug":"huile-absolue","status":"publish","type":"product","link":"https:\/\/heliophytos.com\/index.php\/produit\/huile-absolue\/","title":{"rendered":"Huile Absolue"},"content":{"rendered":"<p dir=\"ltr\">Flacon de 100 ml ou 50 ml<\/p>\n<p dir=\"ltr\">Huile tr\u00e8s p\u00e9n\u00e9trante, r\u00e9\u00e9quilibrante, apaisante, illuminatrice du teint<\/p>\n<p dir=\"ltr\">Aux 6 huiles v\u00e9g\u00e9tales et 5 huiles essentielles<\/p>\n<hr \/>\n<p>&nbsp;<\/p>\n","protected":false},"excerpt":{"rendered":"<p dir=\"ltr\">Huile s\u00e8che p\u00e9pite pour visage &amp; corps (et cheveux)<\/p>\n<p dir=\"ltr\">Nourrit, illumine, sublime !<\/p>\n","protected":false},"featured_media":272,"template":"","meta":[],"product_brand":[],"product_cat":[20,17],"product_tag":[],"class_list":{"0":"post-1054","1":"product","2":"type-product","3":"status-publish","4":"has-post-thumbnail","6":"product_cat-remedes","7":"product_cat-tous_produits","9":"first","10":"instock","11":"featured","12":"shipping-taxable","13":"purchasable","14":"product-type-variable"},"jetpack_sharing_enabled":true,"_links":{"self":[{"href":"https:\/\/heliophytos.com\/index.php\/wp-json\/wp\/v2\/product\/1054","targetHints":{"allow":["GET"]}}],"collection":[{"href":"https:\/\/heliophytos.com\/index.php\/wp-json\/wp\/v2\/product"}],"about":[{"href":"https:\/\/heliophytos.com\/index.php\/wp-json\/wp\/v2\/types\/product"}],"version-history":[{"count":4,"href":"https:\/\/heliophytos.com\/index.php\/wp-json\/wp\/v2\/product\/1054\/revisions"}],"predecessor-version":[{"id":1259,"href":"https:\/\/heliophytos.com\/index.php\/wp-json\/wp\/v2\/product\/1054\/revisions\/1259"}],"wp:featuredmedia":[{"embeddable":true,"href":"https:\/\/heliophytos.com\/index.php\/wp-json\/wp\/v2\/media\/272"}],"wp:attachment":[{"href":"https:\/\/heliophytos.com\/index.php\/wp-json\/wp\/v2\/media?parent=1054"}],"wp:term":[{"taxonomy":"product_brand","embeddable":true,"href":"https:\/\/heliophytos.com\/index.php\/wp-json\/wp\/v2\/product_brand?post=1054"},{"taxonomy":"product_cat","embeddable":true,"href":"https:\/\/heliophytos.com\/index.php\/wp-json\/wp\/v2\/product_cat?post=1054"},{"taxonomy":"product_tag","embeddable":true,"href":"https:\/\/heliophytos.com\/index.php\/wp-json\/wp\/v2\/product_tag?post=1054"}],"curies":[{"name":"wp","href":"https:\/\/api.w.org\/{rel}","templated":true}]}}