{"id":257,"date":"2026-01-19T14:56:42","date_gmt":"2026-01-19T13:56:42","guid":{"rendered":"https:\/\/heliophytos.com\/?page_id=257"},"modified":"2026-03-31T11:11:48","modified_gmt":"2026-03-31T09:11:48","slug":"confection","status":"publish","type":"page","link":"https:\/\/heliophytos.com\/index.php\/confection\/","title":{"rendered":"Confection"},"content":{"rendered":"\t\t<div data-elementor-type=\"wp-page\" data-elementor-id=\"257\" class=\"elementor elementor-257\">\n\t\t\t\t<div class=\"elementor-element elementor-element-131fe5e e-flex e-con-boxed e-con e-parent\" data-id=\"131fe5e\" data-element_type=\"container\" data-e-type=\"container\">\n\t\t\t\t\t<div class=\"e-con-inner\">\n\t\t\t\t<div class=\"elementor-element elementor-element-d339089 elementor-widget elementor-widget-spacer\" data-id=\"d339089\" data-element_type=\"widget\" data-e-type=\"widget\" data-widget_type=\"spacer.default\">\n\t\t\t\t\t\t\t<div class=\"elementor-spacer\">\n\t\t\t<div class=\"elementor-spacer-inner\"><\/div>\n\t\t<\/div>\n\t\t\t\t\t\t<\/div>\n\t\t\t\t\t<\/div>\n\t\t\t\t<\/div>\n\t\t<div class=\"elementor-element elementor-element-f554046 e-con-full e-flex e-con e-parent\" data-id=\"f554046\" data-element_type=\"container\" data-e-type=\"container\" data-settings=\"{&quot;background_background&quot;:&quot;classic&quot;}\">\n\t\t\t\t<div class=\"elementor-element elementor-element-e47185b elementor-widget elementor-widget-heading\" data-id=\"e47185b\" data-element_type=\"widget\" data-e-type=\"widget\" data-widget_type=\"heading.default\">\n\t\t\t\t\t<h1 class=\"elementor-heading-title elementor-size-default\">Confection<\/h1>\t\t\t\t<\/div>\n\t\t\t\t<div class=\"elementor-element elementor-element-f093d83 elementor-widget elementor-widget-text-editor\" data-id=\"f093d83\" data-element_type=\"widget\" data-e-type=\"widget\" data-widget_type=\"text-editor.default\">\n\t\t\t\t\t\t\t\t\t<h3><img fetchpriority=\"high\" decoding=\"async\" class=\"alignleft wp-image-836\" style=\"font-size: 16px;\" src=\"https:\/\/heliophytos.com\/wp-content\/uploads\/2026\/03\/Photo1117-300x225.jpg\" alt=\"\" width=\"370\" height=\"278\" srcset=\"https:\/\/heliophytos.com\/wp-content\/uploads\/2026\/03\/Photo1117-300x225.jpg 300w, https:\/\/heliophytos.com\/wp-content\/uploads\/2026\/03\/Photo1117-600x450.jpg 600w, https:\/\/heliophytos.com\/wp-content\/uploads\/2026\/03\/Photo1117-1024x768.jpg 1024w, https:\/\/heliophytos.com\/wp-content\/uploads\/2026\/03\/Photo1117-768x576.jpg 768w, https:\/\/heliophytos.com\/wp-content\/uploads\/2026\/03\/Photo1117-1536x1152.jpg 1536w, https:\/\/heliophytos.com\/wp-content\/uploads\/2026\/03\/Photo1117-2048x1536.jpg 2048w, https:\/\/heliophytos.com\/wp-content\/uploads\/2026\/03\/Photo1117-1140x855.jpg 1140w, https:\/\/heliophytos.com\/wp-content\/uploads\/2026\/03\/Photo1117-920x690.jpg 920w, https:\/\/heliophytos.com\/wp-content\/uploads\/2026\/03\/Photo1117-575x431.jpg 575w, https:\/\/heliophytos.com\/wp-content\/uploads\/2026\/03\/Photo1117-380x285.jpg 380w\" sizes=\"(max-width: 370px) 100vw, 370px\" \/>Produits<\/h3><p>\u00a0<\/p><p>La gamme H\u00e9liophytos se d\u00e9cline en \u00ab\u00a0cosm\u00e9tiques soin de la peau\u00a0\u00bb et en \u00a0\u00bbcosm\u00e9tiques rem\u00e8des\u00a0\u00bb, sous forme de baumes, huiles et \u00e9lixirs.<\/p><p>\u00a0<\/p><p>Les propositions se sont \u00e9largies au fil des besoins de ma client\u00e8le et de mon inspiration.<\/p><p>\u00a0<\/p><p>L&rsquo;ensemble des produits est sans eau et \u00e0 base de mac\u00e9rations artisanales, de cire d&rsquo;Abeille provenant d&rsquo;Idoia, apiculture sous mention Nature&amp;Progr\u00e8s et AB, d&rsquo;huiles v\u00e9g\u00e9tales, huiles essentielles et autres mati\u00e8res premi\u00e8res enti\u00e8rement certifi\u00e9es bio.<\/p><p>\u00a0<\/p><p>Pour toute demande particuli\u00e8re, n&rsquo;h\u00e9sitez pas \u00e0 me contacter !<\/p><p>\u00a0<\/p>\t\t\t\t\t\t\t\t<\/div>\n\t\t\t\t<div class=\"elementor-element elementor-element-eaf1a8e elementor-widget elementor-widget-text-editor\" data-id=\"eaf1a8e\" data-element_type=\"widget\" data-e-type=\"widget\" data-widget_type=\"text-editor.default\">\n\t\t\t\t\t\t\t\t\t<h3>Cueillette, r\u00e9colte<img decoding=\"async\" class=\"alignright wp-image-281\" src=\"https:\/\/heliophytos.com\/wp-content\/uploads\/2026\/01\/20200526_170857-scaled-e1774519858996-300x261.jpg\" alt=\"\" width=\"350\" height=\"304\" srcset=\"https:\/\/heliophytos.com\/wp-content\/uploads\/2026\/01\/20200526_170857-scaled-e1774519858996-300x261.jpg 300w, https:\/\/heliophytos.com\/wp-content\/uploads\/2026\/01\/20200526_170857-scaled-e1774519858996-600x521.jpg 600w, https:\/\/heliophytos.com\/wp-content\/uploads\/2026\/01\/20200526_170857-scaled-e1774519858996-1024x890.jpg 1024w, https:\/\/heliophytos.com\/wp-content\/uploads\/2026\/01\/20200526_170857-scaled-e1774519858996-768x667.jpg 768w, https:\/\/heliophytos.com\/wp-content\/uploads\/2026\/01\/20200526_170857-scaled-e1774519858996-1536x1334.jpg 1536w, https:\/\/heliophytos.com\/wp-content\/uploads\/2026\/01\/20200526_170857-scaled-e1774519858996-1140x990.jpg 1140w, https:\/\/heliophytos.com\/wp-content\/uploads\/2026\/01\/20200526_170857-scaled-e1774519858996-920x799.jpg 920w, https:\/\/heliophytos.com\/wp-content\/uploads\/2026\/01\/20200526_170857-scaled-e1774519858996-575x500.jpg 575w, https:\/\/heliophytos.com\/wp-content\/uploads\/2026\/01\/20200526_170857-scaled-e1774519858996-380x330.jpg 380w, https:\/\/heliophytos.com\/wp-content\/uploads\/2026\/01\/20200526_170857-scaled-e1774519858996.jpg 1920w\" sizes=\"(max-width: 350px) 100vw, 350px\" \/><\/h3><p>\u00a0<\/p><p>Je cueille dans les endroits pr\u00e9serv\u00e9s rep\u00e9r\u00e9s autour de moi dans le Pays Basque, le sud des Landes et les Pyr\u00e9n\u00e9es.<\/p><p>\u00a0<\/p><p>Mes cueillettes sont sobres, je n\u2019ai pas besoin de tr\u00e8s grandes quantit\u00e9s.<\/p><p>\u00a0<\/p><p>Elles se d\u00e9roulent majoritairement au Printemps, entre avril et juillet.<\/p><p>\u00a0<\/p><p>J\u2019aime cueillir par temps sec, en fin de matin\u00e9e, lorsque la ros\u00e9e s\u2019est \u00e9vapor\u00e9e mais que la plante est\u00a0encore en pleine puissance avant de d\u00e9cliner au fil de la journ\u00e9e.<\/p><p>\u00a0<\/p>\t\t\t\t\t\t\t\t<\/div>\n\t\t\t\t<div class=\"elementor-element elementor-element-4561131 elementor-widget elementor-widget-text-editor\" data-id=\"4561131\" data-element_type=\"widget\" data-e-type=\"widget\" data-widget_type=\"text-editor.default\">\n\t\t\t\t\t\t\t\t\t<h3>Mac\u00e9ration<img decoding=\"async\" class=\"alignleft wp-image-840\" src=\"https:\/\/heliophytos.com\/wp-content\/uploads\/2026\/03\/IMG_0837-300x200.jpg\" alt=\"\" width=\"360\" height=\"240\" srcset=\"https:\/\/heliophytos.com\/wp-content\/uploads\/2026\/03\/IMG_0837-300x200.jpg 300w, https:\/\/heliophytos.com\/wp-content\/uploads\/2026\/03\/IMG_0837-scaled-600x400.jpg 600w, https:\/\/heliophytos.com\/wp-content\/uploads\/2026\/03\/IMG_0837-1024x683.jpg 1024w, https:\/\/heliophytos.com\/wp-content\/uploads\/2026\/03\/IMG_0837-768x512.jpg 768w, https:\/\/heliophytos.com\/wp-content\/uploads\/2026\/03\/IMG_0837-1536x1024.jpg 1536w, https:\/\/heliophytos.com\/wp-content\/uploads\/2026\/03\/IMG_0837-2048x1365.jpg 2048w, https:\/\/heliophytos.com\/wp-content\/uploads\/2026\/03\/IMG_0837-1140x760.jpg 1140w, https:\/\/heliophytos.com\/wp-content\/uploads\/2026\/03\/IMG_0837-920x613.jpg 920w, https:\/\/heliophytos.com\/wp-content\/uploads\/2026\/03\/IMG_0837-575x383.jpg 575w, https:\/\/heliophytos.com\/wp-content\/uploads\/2026\/03\/IMG_0837-380x253.jpg 380w\" sizes=\"(max-width: 360px) 100vw, 360px\" \/><\/h3><p>\u00a0<\/p><p><span style=\"font-weight: 400;\">Apr\u00e8s un temps de s\u00e9chage de quelques jours, je d\u00e9pose les plantes cueillies en mac\u00e9ration dans de <\/span><span style=\"font-weight: 400;\">gros bocaux en verre que je recouvre int\u00e9gralement d\u2019huile d\u2019Olive en laissant le couvercle ouvert.<\/span><\/p><p>\u00a0<\/p><p><span style=\"font-weight: 400;\">Je laisse ainsi mac\u00e9rer 21 jours minimum avant de filtrer et d\u2019utiliser le filtrat pour mes pr\u00e9parations.<\/span><\/p><p>\u00a0<\/p>\t\t\t\t\t\t\t\t<\/div>\n\t\t\t\t<div class=\"elementor-element elementor-element-5b2e42c elementor-widget elementor-widget-text-editor\" data-id=\"5b2e42c\" data-element_type=\"widget\" data-e-type=\"widget\" data-widget_type=\"text-editor.default\">\n\t\t\t\t\t\t\t\t\t<h3>Transformation<img loading=\"lazy\" decoding=\"async\" class=\"alignright wp-image-841\" style=\"font-size: 16px;\" src=\"https:\/\/heliophytos.com\/wp-content\/uploads\/2026\/03\/Photo0126-300x225.jpg\" alt=\"\" width=\"430\" height=\"427\" \/><\/h3><p>\u00a0<\/p><p>C\u2019est le moment ultime de mon travail, celui que je pr\u00e9f\u00e8re !<\/p><p>\u00a0<\/p><p><span style=\"font-weight: 400;\">Je pr\u00e9pare l\u2019ensemble des ingr\u00e9dients n\u00e9cessaires \u00e0 ma formulation et je me lance dans la <\/span><span style=\"font-weight: 400;\">transformation en baume ou en huile.<\/span><\/p><p>\u00a0<\/p><p><span style=\"font-weight: 400;\">Je suis scrupuleusement ma formule valid\u00e9e par mon <\/span><span style=\"font-weight: 400;\">toxicologue, avec pr\u00e9sence et conscience. Je m\u00e9lange, je laisse fondre la cire, j\u2019ajoute, je verse, <\/span><span style=\"font-weight: 400;\">j\u2019attends\u2026<\/span><\/p><p>\u00a0<\/p><p><span style=\"font-weight: 400;\">J\u2019aime voir la mac\u00e9ration de la plante devenir un produit gu\u00e9risseur applicable directement !<\/span><\/p><p>\u00a0<\/p>\t\t\t\t\t\t\t\t<\/div>\n\t\t\t\t<div class=\"elementor-element elementor-element-9ffed77 elementor-widget elementor-widget-text-editor\" data-id=\"9ffed77\" data-element_type=\"widget\" data-e-type=\"widget\" data-widget_type=\"text-editor.default\">\n\t\t\t\t\t\t\t\t\t<h3>Nature &amp; Progr\u00e8s<img loading=\"lazy\" decoding=\"async\" class=\"size-medium wp-image-997 alignleft\" src=\"https:\/\/heliophytos.com\/wp-content\/uploads\/2026\/03\/IMG-20251120-WA0001-213x300.jpg\" alt=\"\" width=\"213\" height=\"300\" srcset=\"https:\/\/heliophytos.com\/wp-content\/uploads\/2026\/03\/IMG-20251120-WA0001-213x300.jpg 213w, https:\/\/heliophytos.com\/wp-content\/uploads\/2026\/03\/IMG-20251120-WA0001-726x1024.jpg 726w, https:\/\/heliophytos.com\/wp-content\/uploads\/2026\/03\/IMG-20251120-WA0001-768x1084.jpg 768w, https:\/\/heliophytos.com\/wp-content\/uploads\/2026\/03\/IMG-20251120-WA0001-575x811.jpg 575w, https:\/\/heliophytos.com\/wp-content\/uploads\/2026\/03\/IMG-20251120-WA0001-380x536.jpg 380w, https:\/\/heliophytos.com\/wp-content\/uploads\/2026\/03\/IMG-20251120-WA0001-600x847.jpg 600w, https:\/\/heliophytos.com\/wp-content\/uploads\/2026\/03\/IMG-20251120-WA0001.jpg 907w\" sizes=\"(max-width: 213px) 100vw, 213px\" \/><\/h3><p>\u00a0<\/p><p><span style=\"font-weight: 400;\">J\u2019ai obtenu la mention Nature &amp; Progr\u00e8s, gage de qualit\u00e9 par excellence, en 2019. Ceci marqua la <\/span><span style=\"font-weight: 400;\">reconnaissance de mon travail par mes pairs.<\/span><\/p><p>\u00a0<\/p><p><span style=\"font-weight: 400;\">Depuis, chaque ann\u00e9e, une \u00e9quipe d\u2019enqu\u00eateurs v\u00e9rifie la qualit\u00e9 de mon travail et le respect de mes <\/span><span style=\"font-weight: 400;\">protocoles rigoureux.<\/span><\/p>\t\t\t\t\t\t\t\t<\/div>\n\t\t\t\t<div class=\"elementor-element elementor-element-83f5914 elementor-widget elementor-widget-text-editor\" data-id=\"83f5914\" data-element_type=\"widget\" data-e-type=\"widget\" data-widget_type=\"text-editor.default\">\n\t\t\t\t\t\t\t\t\t<h3><img loading=\"lazy\" decoding=\"async\" class=\"alignnone size-medium wp-image-998\" src=\"https:\/\/heliophytos.com\/wp-content\/uploads\/2026\/03\/Labo.jpg\" alt=\"\" width=\"1\" height=\"1\" \/><img loading=\"lazy\" decoding=\"async\" class=\"alignnone size-medium wp-image-998\" src=\"https:\/\/heliophytos.com\/wp-content\/uploads\/2026\/03\/Labo.jpg\" alt=\"\" width=\"1\" height=\"1\" \/>Laboratoire \u00e0 Hasparren<img loading=\"lazy\" decoding=\"async\" class=\"alignnone size-medium wp-image-998\" src=\"https:\/\/heliophytos.com\/wp-content\/uploads\/2026\/03\/Labo.jpg\" alt=\"\" width=\"1\" height=\"1\" \/><img loading=\"lazy\" decoding=\"async\" class=\"alignright wp-image-999\" src=\"https:\/\/heliophytos.com\/wp-content\/uploads\/2026\/03\/Laboratoire-224x300.jpg\" alt=\"\" width=\"250\" height=\"334\" srcset=\"https:\/\/heliophytos.com\/wp-content\/uploads\/2026\/03\/Laboratoire-224x300.jpg 224w, https:\/\/heliophytos.com\/wp-content\/uploads\/2026\/03\/Laboratoire-scaled.jpg 1916w\" sizes=\"(max-width: 250px) 100vw, 250px\" \/><\/h3><p><img loading=\"lazy\" decoding=\"async\" class=\"alignnone size-medium wp-image-998\" src=\"https:\/\/heliophytos.com\/wp-content\/uploads\/2026\/03\/Labo.jpg\" alt=\"\" width=\"1\" height=\"1\" \/><img loading=\"lazy\" decoding=\"async\" class=\"alignnone size-medium wp-image-998\" src=\"https:\/\/heliophytos.com\/wp-content\/uploads\/2026\/03\/Labo.jpg\" alt=\"\" width=\"1\" height=\"1\" \/><img loading=\"lazy\" decoding=\"async\" class=\"alignnone size-medium wp-image-998\" src=\"https:\/\/heliophytos.com\/wp-content\/uploads\/2026\/03\/Labo.jpg\" alt=\"\" width=\"1\" height=\"1\" \/><\/p><p>Mon laboratoire, apr\u00e8s avoir \u00e9t\u00e9 install\u00e9 dans notre roulotte, puis dans une caravane d\u00e9di\u00e9e, puis <span style=\"font-weight: 400;\">dans le salon puis dans ma chambre puis dans un chalet en bois, au fil de mes divers <\/span><span style=\"font-weight: 400;\">d\u00e9m\u00e9nagements, a enfin pris une forme de v\u00e9ritable laboratoire aux normes dans ma nouvelle <\/span><span style=\"font-weight: 400;\">maison \u00e0 Hasparren au Pays-Basque achet\u00e9e en 2018.<\/span><\/p><p>\u00a0<\/p><p><span style=\"font-weight: 400;\">La construction d\u2019un<\/span><span style=\"font-weight: 400;\">\u00a0laboratoire plus grand et ind\u00e9pendant est en projet.<img loading=\"lazy\" decoding=\"async\" class=\"alignnone size-medium wp-image-998\" src=\"https:\/\/heliophytos.com\/wp-content\/uploads\/2026\/03\/Labo.jpg\" alt=\"\" width=\"1\" height=\"1\" \/><\/span><\/p><p>\u00a0<\/p>\t\t\t\t\t\t\t\t<\/div>\n\t\t\t\t<\/div>\n\t\t\t\t<\/div>\n\t\t","protected":false},"excerpt":{"rendered":"<p>Confection Produits \u00a0 La gamme H\u00e9liophytos se d\u00e9cline en \u00ab\u00a0cosm\u00e9tiques soin de la peau\u00a0\u00bb et en \u00a0\u00bbcosm\u00e9tiques rem\u00e8des\u00a0\u00bb, sous forme de baumes, huiles et \u00e9lixirs. \u00a0 Les propositions se sont [&hellip;]<\/p>\n","protected":false},"author":1,"featured_media":0,"parent":0,"menu_order":0,"comment_status":"closed","ping_status":"closed","template":"","meta":{"footnotes":""},"class_list":["post-257","page","type-page","status-publish","hentry"],"jetpack_sharing_enabled":true,"_links":{"self":[{"href":"https:\/\/heliophytos.com\/index.php\/wp-json\/wp\/v2\/pages\/257","targetHints":{"allow":["GET"]}}],"collection":[{"href":"https:\/\/heliophytos.com\/index.php\/wp-json\/wp\/v2\/pages"}],"about":[{"href":"https:\/\/heliophytos.com\/index.php\/wp-json\/wp\/v2\/types\/page"}],"author":[{"embeddable":true,"href":"https:\/\/heliophytos.com\/index.php\/wp-json\/wp\/v2\/users\/1"}],"replies":[{"embeddable":true,"href":"https:\/\/heliophytos.com\/index.php\/wp-json\/wp\/v2\/comments?post=257"}],"version-history":[{"count":68,"href":"https:\/\/heliophytos.com\/index.php\/wp-json\/wp\/v2\/pages\/257\/revisions"}],"predecessor-version":[{"id":1046,"href":"https:\/\/heliophytos.com\/index.php\/wp-json\/wp\/v2\/pages\/257\/revisions\/1046"}],"wp:attachment":[{"href":"https:\/\/heliophytos.com\/index.php\/wp-json\/wp\/v2\/media?parent=257"}],"curies":[{"name":"wp","href":"https:\/\/api.w.org\/{rel}","templated":true}]}}