{"id":255,"date":"2026-01-19T14:54:39","date_gmt":"2026-01-19T13:54:39","guid":{"rendered":"https:\/\/heliophytos.com\/?page_id=255"},"modified":"2026-04-10T13:07:12","modified_gmt":"2026-04-10T11:07:12","slug":"a-propos","status":"publish","type":"page","link":"https:\/\/heliophytos.com\/index.php\/a-propos\/","title":{"rendered":"A propos"},"content":{"rendered":"\t\t<div data-elementor-type=\"wp-page\" data-elementor-id=\"255\" class=\"elementor elementor-255\">\n\t\t\t\t<div class=\"elementor-element elementor-element-6d88f36 e-flex e-con-boxed e-con e-parent\" data-id=\"6d88f36\" data-element_type=\"container\" data-e-type=\"container\">\n\t\t\t\t\t<div class=\"e-con-inner\">\n\t\t\t\t<div class=\"elementor-element elementor-element-968156a elementor-widget elementor-widget-spacer\" data-id=\"968156a\" data-element_type=\"widget\" data-e-type=\"widget\" data-widget_type=\"spacer.default\">\n\t\t\t\t\t\t\t<div class=\"elementor-spacer\">\n\t\t\t<div class=\"elementor-spacer-inner\"><\/div>\n\t\t<\/div>\n\t\t\t\t\t\t<\/div>\n\t\t\t\t\t<\/div>\n\t\t\t\t<\/div>\n\t\t<div class=\"elementor-element elementor-element-af8e697 e-con-full e-flex e-con e-parent\" data-id=\"af8e697\" data-element_type=\"container\" data-e-type=\"container\" data-settings=\"{&quot;background_background&quot;:&quot;classic&quot;}\">\n\t\t\t\t<div class=\"elementor-element elementor-element-790765f elementor-widget elementor-widget-heading\" data-id=\"790765f\" data-element_type=\"widget\" data-e-type=\"widget\" data-widget_type=\"heading.default\">\n\t\t\t\t\t<h1 class=\"elementor-heading-title elementor-size-default\">Qui suis-je ?<\/h1>\t\t\t\t<\/div>\n\t\t\t\t<div class=\"elementor-element elementor-element-900b39d elementor-widget elementor-widget-spacer\" data-id=\"900b39d\" data-element_type=\"widget\" data-e-type=\"widget\" data-widget_type=\"spacer.default\">\n\t\t\t\t\t\t\t<div class=\"elementor-spacer\">\n\t\t\t<div class=\"elementor-spacer-inner\"><\/div>\n\t\t<\/div>\n\t\t\t\t\t\t<\/div>\n\t\t\t\t<div class=\"elementor-element elementor-element-bc5bd30 elementor-widget elementor-widget-text-editor\" data-id=\"bc5bd30\" data-element_type=\"widget\" data-e-type=\"widget\" data-widget_type=\"text-editor.default\">\n\t\t\t\t\t\t\t\t\t<p><img fetchpriority=\"high\" decoding=\"async\" class=\"alignleft wp-image-519\" src=\"https:\/\/heliophytos.com\/wp-content\/uploads\/2026\/03\/Heliophytos-3-Lorenz-B-Photo-1-744x1024.jpg\" alt=\"\" width=\"350\" height=\"482\" srcset=\"https:\/\/heliophytos.com\/wp-content\/uploads\/2026\/03\/Heliophytos-3-Lorenz-B-Photo-1-744x1024.jpg 744w, https:\/\/heliophytos.com\/wp-content\/uploads\/2026\/03\/Heliophytos-3-Lorenz-B-Photo-1-600x826.jpg 600w, https:\/\/heliophytos.com\/wp-content\/uploads\/2026\/03\/Heliophytos-3-Lorenz-B-Photo-1-218x300.jpg 218w, https:\/\/heliophytos.com\/wp-content\/uploads\/2026\/03\/Heliophytos-3-Lorenz-B-Photo-1-768x1057.jpg 768w, https:\/\/heliophytos.com\/wp-content\/uploads\/2026\/03\/Heliophytos-3-Lorenz-B-Photo-1-1116x1536.jpg 1116w, https:\/\/heliophytos.com\/wp-content\/uploads\/2026\/03\/Heliophytos-3-Lorenz-B-Photo-1-1488x2048.jpg 1488w, https:\/\/heliophytos.com\/wp-content\/uploads\/2026\/03\/Heliophytos-3-Lorenz-B-Photo-1-1140x1569.jpg 1140w, https:\/\/heliophytos.com\/wp-content\/uploads\/2026\/03\/Heliophytos-3-Lorenz-B-Photo-1-920x1266.jpg 920w, https:\/\/heliophytos.com\/wp-content\/uploads\/2026\/03\/Heliophytos-3-Lorenz-B-Photo-1-575x791.jpg 575w, https:\/\/heliophytos.com\/wp-content\/uploads\/2026\/03\/Heliophytos-3-Lorenz-B-Photo-1-380x523.jpg 380w, https:\/\/heliophytos.com\/wp-content\/uploads\/2026\/03\/Heliophytos-3-Lorenz-B-Photo-1.jpg 1817w\" sizes=\"(max-width: 350px) 100vw, 350px\" \/><\/p>\n<p>Aujourd&rsquo;hui, j&rsquo;ai envie de vous confier ceci sur moi !<\/p>\n<p><br><\/p>\n<p>Je suis une Femme et Maman de 2 fils ados dont je suis compl\u00e8tement fan !<\/p>\n<p><br><\/p>\n<p>La vie m\u2019a donc amen\u00e9 \u00e0 planter ma tribu au Pays-Basque, j\u2019y vis depuis 2011 et y d\u00e9veloppe mes talents, mes passions, mes \u00e9lans.<\/p>\n<p><br><\/p>\n<p>Je porte H\u00e9liophytos, j\u2019accompagne mes fils sur leur chemin, je fid\u00e9lise des amiti\u00e9s qui durent, j\u2019apprends de l\u2019Homme au sein de relations compliqu\u00e9es, ou d\u00e9licieuses comme actuellement, le tout port\u00e9e par mon cap de croissance.<\/p>\n<p><br><\/p>\n<p>Ma vie, partag\u00e9e avec mon Druide de compagnon Mathieu pendant 17 ans, m&rsquo;a naturellement mise sur le chemin des plantes et du soin. J&rsquo;ai d\u00e9couvert \u00e0 ses c\u00f4t\u00e9s la puissance de la Nature, ses bienfaits pour l&rsquo;humain et acquis progressivement les connaissances n\u00e9cessaires \u00e0 la transformation de la mati\u00e8re brute en produits pr\u00e9cieux pour le corps.<\/p>\n<p><br><\/p><p><br><\/p>\n<p>A c\u00f4t\u00e9 de ma fascination pour les Plantes, ma tr\u00e8s grande soif d\u2019apprentissage et d\u2019\u00e9volution m\u2019a incit\u00e9 \u00e0 me former \u00e0 l\u2019expertise de plusieurs outils pr\u00e9cieux de d\u00e9codage des m\u00e9caniques de fonctionnement humaines. Ainsi, le human design, l\u2019astrologie, la num\u00e9rologie, les couleurs de William Berton, l\u2019enn\u00e9agramme sont autant de grilles de lecture qui m\u2019aident \u00e0 comprendre chacun dans sa diff\u00e9rence et dans sa singularit\u00e9 et \u00e0 encore mieux accompagner celles et ceux qui m\u2019entourent et les relations que j\u2019entretiens avec chacun ; et toutes celles et ceux qui viennent me voir, au-del\u00e0 de mes cercles de proches, quand un chuchotage de mes comp\u00e9tences les am\u00e8ne \u00e0 moi.<\/p>\n<p><br><\/p>\n<p>En d\u2019autres mots, j\u2019allie ma rigueur, mon amour du lien, ma force de travail, mon cerveau en \u00e9bullition, mes soifs d\u2019apprendre et de comprendre et les mets au service de mes projets de d\u00e9ploiement, tant dans la sph\u00e8re personnelle que professionnelle.<\/p>\n<p><br><\/p>\t\t\t\t\t\t\t\t<\/div>\n\t\t\t\t<\/div>\n\t\t<div class=\"elementor-element elementor-element-270e646 e-flex e-con-boxed e-con e-parent\" data-id=\"270e646\" data-element_type=\"container\" data-e-type=\"container\">\n\t\t\t\t\t<div class=\"e-con-inner\">\n\t\t\t\t<div class=\"elementor-element elementor-element-f20ea67 elementor-widget elementor-widget-spacer\" data-id=\"f20ea67\" data-element_type=\"widget\" data-e-type=\"widget\" data-widget_type=\"spacer.default\">\n\t\t\t\t\t\t\t<div class=\"elementor-spacer\">\n\t\t\t<div class=\"elementor-spacer-inner\"><\/div>\n\t\t<\/div>\n\t\t\t\t\t\t<\/div>\n\t\t\t\t\t<\/div>\n\t\t\t\t<\/div>\n\t\t<div class=\"elementor-element elementor-element-99c0e00 e-con-full e-flex e-con e-parent\" data-id=\"99c0e00\" data-element_type=\"container\" data-e-type=\"container\" data-settings=\"{&quot;background_background&quot;:&quot;classic&quot;}\">\n\t\t\t\t<div class=\"elementor-element elementor-element-629e7e0 elementor-widget elementor-widget-heading\" data-id=\"629e7e0\" data-element_type=\"widget\" data-e-type=\"widget\" data-widget_type=\"heading.default\">\n\t\t\t\t\t<h3 class=\"elementor-heading-title elementor-size-default\">Mes f\u00e9tiches du moment _<\/h3>\t\t\t\t<\/div>\n\t\t\t\t<div class=\"elementor-element elementor-element-38dcc1a elementor-widget elementor-widget-text-editor\" data-id=\"38dcc1a\" data-element_type=\"widget\" data-e-type=\"widget\" data-widget_type=\"text-editor.default\">\n\t\t\t\t\t\t\t\t\t<p>\u00a0<\/p><p dir=\"ltr\">En ce moment&#8230;<\/p><p dir=\"ltr\">&#8230; j&rsquo;adooooore appliquer l&rsquo;huile Absolue le matin, j&rsquo;appr\u00e9cie particuli\u00e8rement sa texture non grasse et sa tr\u00e8s l\u00e9g\u00e8re odeur fra\u00eeche et po\u00e9tique.<\/p><p dir=\"ltr\">Le soir, j&rsquo;applique mon p&rsquo;tit chouchou Baume \u00e0 la P\u00e2querette sur mon visage, mon cou, mon d\u00e9collet\u00e9. J&rsquo;aime beaucoup son odeur de Ciste qui vient ajouter au d\u00e9lice de sentir ma peau se raffermir au fil des jours.<\/p><p>\u00a0<\/p>\t\t\t\t\t\t\t\t<\/div>\n\t\t<div class=\"elementor-element elementor-element-328a84d e-con-full e-flex e-con e-child\" data-id=\"328a84d\" data-element_type=\"container\" data-e-type=\"container\" data-settings=\"{&quot;background_background&quot;:&quot;classic&quot;}\">\n\t\t<div class=\"elementor-element elementor-element-f1085d1 e-grid e-con-full e-con e-child\" data-id=\"f1085d1\" data-element_type=\"container\" data-e-type=\"container\">\n\t\t\t\t<div class=\"elementor-element elementor-element-334b11f elementor-widget elementor-widget-image\" data-id=\"334b11f\" data-element_type=\"widget\" data-e-type=\"widget\" data-widget_type=\"image.default\">\n\t\t\t\t\t\t\t\t\t\t\t\t<figure class=\"wp-caption\">\n\t\t\t\t\t\t\t\t\t\t\t<a href=\"https:\/\/heliophytos.com\/index.php\/produit\/huile-absolue\/\">\n\t\t\t\t\t\t\t<img decoding=\"async\" width=\"1024\" height=\"683\" src=\"https:\/\/heliophytos.com\/wp-content\/uploads\/2026\/01\/IMG_0887-scaled.jpg\" class=\"attachment-large size-large wp-image-272\" alt=\"\" srcset=\"https:\/\/heliophytos.com\/wp-content\/uploads\/2026\/01\/IMG_0887-scaled.jpg 2560w, https:\/\/heliophytos.com\/wp-content\/uploads\/2026\/01\/IMG_0887-scaled-600x400.jpg 600w, https:\/\/heliophytos.com\/wp-content\/uploads\/2026\/01\/IMG_0887-300x200.jpg 300w\" sizes=\"(max-width: 1024px) 100vw, 1024px\" \/>\t\t\t\t\t\t\t\t<\/a>\n\t\t\t\t\t\t\t\t\t\t\t<figcaption class=\"widget-image-caption wp-caption-text\">L'Absolue | Huile s\u00e8che<\/figcaption>\n\t\t\t\t\t\t\t\t\t\t<\/figure>\n\t\t\t\t\t\t\t\t\t<\/div>\n\t\t\t\t<div class=\"elementor-element elementor-element-2a5fc4b elementor-widget elementor-widget-image\" data-id=\"2a5fc4b\" data-element_type=\"widget\" data-e-type=\"widget\" data-widget_type=\"image.default\">\n\t\t\t\t\t\t\t\t\t\t\t\t<figure class=\"wp-caption\">\n\t\t\t\t\t\t\t\t\t\t\t<a href=\"https:\/\/heliophytos.com\/index.php\/produit\/baume-a-la-paquerette\/\">\n\t\t\t\t\t\t\t<img decoding=\"async\" width=\"1024\" height=\"683\" src=\"https:\/\/heliophytos.com\/wp-content\/uploads\/2026\/03\/IMG_0864-1024x683.jpg\" class=\"attachment-large size-large wp-image-556\" alt=\"\" srcset=\"https:\/\/heliophytos.com\/wp-content\/uploads\/2026\/03\/IMG_0864-1024x683.jpg 1024w, https:\/\/heliophytos.com\/wp-content\/uploads\/2026\/03\/IMG_0864-scaled-600x400.jpg 600w, https:\/\/heliophytos.com\/wp-content\/uploads\/2026\/03\/IMG_0864-300x200.jpg 300w, https:\/\/heliophytos.com\/wp-content\/uploads\/2026\/03\/IMG_0864-768x512.jpg 768w\" sizes=\"(max-width: 1024px) 100vw, 1024px\" \/>\t\t\t\t\t\t\t\t<\/a>\n\t\t\t\t\t\t\t\t\t\t\t<figcaption class=\"widget-image-caption wp-caption-text\">Baume \u00e0 la P\u00e2querette<\/figcaption>\n\t\t\t\t\t\t\t\t\t\t<\/figure>\n\t\t\t\t\t\t\t\t\t<\/div>\n\t\t\t\t<\/div>\n\t\t\t\t<div class=\"elementor-element elementor-element-3202523 elementor-align-center elementor-widget elementor-widget-button\" data-id=\"3202523\" data-element_type=\"widget\" data-e-type=\"widget\" data-widget_type=\"button.default\">\n\t\t\t\t\t\t\t\t\t\t<a class=\"elementor-button elementor-button-link elementor-size-sm\" href=\"https:\/\/heliophytos.com\/index.php\/boutique\/\">\n\t\t\t\t\t\t<span class=\"elementor-button-content-wrapper\">\n\t\t\t\t\t\t\t\t\t<span class=\"elementor-button-text\">Tous les produits<\/span>\n\t\t\t\t\t<\/span>\n\t\t\t\t\t<\/a>\n\t\t\t\t\t\t\t\t<\/div>\n\t\t\t\t<\/div>\n\t\t\t\t<div class=\"elementor-element elementor-element-5a4f3f0 elementor-widget elementor-widget-spacer\" data-id=\"5a4f3f0\" data-element_type=\"widget\" data-e-type=\"widget\" data-widget_type=\"spacer.default\">\n\t\t\t\t\t\t\t<div class=\"elementor-spacer\">\n\t\t\t<div class=\"elementor-spacer-inner\"><\/div>\n\t\t<\/div>\n\t\t\t\t\t\t<\/div>\n\t\t\t\t<\/div>\n\t\t<div class=\"elementor-element elementor-element-f29c4fd e-flex e-con-boxed e-con e-parent\" data-id=\"f29c4fd\" data-element_type=\"container\" data-e-type=\"container\">\n\t\t\t\t\t<div class=\"e-con-inner\">\n\t\t\t\t\t<\/div>\n\t\t\t\t<\/div>\n\t\t<div class=\"elementor-element elementor-element-e21a700 e-flex e-con-boxed e-con e-parent\" data-id=\"e21a700\" data-element_type=\"container\" data-e-type=\"container\">\n\t\t\t\t\t<div class=\"e-con-inner\">\n\t\t\t\t<div class=\"elementor-element elementor-element-a179b01 elementor-widget elementor-widget-text-editor\" data-id=\"a179b01\" data-element_type=\"widget\" data-e-type=\"widget\" data-widget_type=\"text-editor.default\">\n\t\t\t\t\t\t\t\t\t<p>Lorem ipsum dolor sit amet, consectetur adipiscing elit. Ut elit tellus, luctus nec ullamcorper mattis, pulvinar dapibus leo.<\/p>\t\t\t\t\t\t\t\t<\/div>\n\t\t\t\t\t<\/div>\n\t\t\t\t<\/div>\n\t\t\t\t<\/div>\n\t\t","protected":false},"excerpt":{"rendered":"<p>Qui suis-je ? Aujourd&rsquo;hui, j&rsquo;ai envie de vous confier ceci sur moi ! Je suis une Femme et Maman de 2 fils ados dont je suis compl\u00e8tement fan ! La [&hellip;]<\/p>\n","protected":false},"author":1,"featured_media":0,"parent":0,"menu_order":0,"comment_status":"closed","ping_status":"closed","template":"","meta":{"footnotes":""},"class_list":["post-255","page","type-page","status-publish","hentry"],"jetpack_sharing_enabled":true,"_links":{"self":[{"href":"https:\/\/heliophytos.com\/index.php\/wp-json\/wp\/v2\/pages\/255","targetHints":{"allow":["GET"]}}],"collection":[{"href":"https:\/\/heliophytos.com\/index.php\/wp-json\/wp\/v2\/pages"}],"about":[{"href":"https:\/\/heliophytos.com\/index.php\/wp-json\/wp\/v2\/types\/page"}],"author":[{"embeddable":true,"href":"https:\/\/heliophytos.com\/index.php\/wp-json\/wp\/v2\/users\/1"}],"replies":[{"embeddable":true,"href":"https:\/\/heliophytos.com\/index.php\/wp-json\/wp\/v2\/comments?post=255"}],"version-history":[{"count":70,"href":"https:\/\/heliophytos.com\/index.php\/wp-json\/wp\/v2\/pages\/255\/revisions"}],"predecessor-version":[{"id":1215,"href":"https:\/\/heliophytos.com\/index.php\/wp-json\/wp\/v2\/pages\/255\/revisions\/1215"}],"wp:attachment":[{"href":"https:\/\/heliophytos.com\/index.php\/wp-json\/wp\/v2\/media?parent=255"}],"curies":[{"name":"wp","href":"https:\/\/api.w.org\/{rel}","templated":true}]}}